{"id":125,"date":"2023-12-15T10:30:31","date_gmt":"2023-12-15T10:30:31","guid":{"rendered":"https:\/\/siteunidos.eu\/icpaglieta\/?page_id=125"},"modified":"2023-12-18T11:00:18","modified_gmt":"2023-12-18T11:00:18","slug":"organizzazione","status":"publish","type":"page","link":"https:\/\/www.icpaglieta.edu.it\/site\/scuola\/organizzazione\/","title":{"rendered":"Organizzazione"},"content":{"rendered":"\t\t<div data-elementor-type=\"wp-page\" data-elementor-id=\"125\" class=\"elementor elementor-125\" data-elementor-post-type=\"page\">\n\t\t\t\t<div class=\"has_eae_slider elementor-element elementor-element-aad4383 e-flex e-con-boxed wpr-particle-no wpr-jarallax-no wpr-parallax-no wpr-sticky-section-no wpr-equal-height-no e-con e-parent\" data-eae-slider=\"45992\" data-id=\"aad4383\" data-element_type=\"container\" data-e-type=\"container\" data-settings=\"{&quot;background_background&quot;:&quot;classic&quot;}\">\n\t\t\t\t\t<div class=\"e-con-inner\">\n\t\t<div class=\"has_eae_slider elementor-element elementor-element-c329f40 e-con-full e-flex wpr-particle-no wpr-jarallax-no wpr-parallax-no wpr-sticky-section-no wpr-equal-height-no e-con e-child\" data-eae-slider=\"18114\" data-id=\"c329f40\" data-element_type=\"container\" data-e-type=\"container\">\n\t\t\t\t<div class=\"elementor-element elementor-element-b2a2714 elementor-widget elementor-widget-text-editor\" data-id=\"b2a2714\" data-element_type=\"widget\" data-e-type=\"widget\" data-widget_type=\"text-editor.default\">\n\t\t\t\t<div class=\"elementor-widget-container\">\n\t\t\t\t\t\t\t\t\t<p>Gli organismi a carattere collegiale sono previsti a vari livelli nella scuola.<br \/>La funzione degli organi collegiali \u00e8 diversa a seconda dei livelli di collocazione: \u00e8 consultiva e propositiva a livello di base (Consigli di classe-interclasse e intersezione), \u00e8 deliberativa ai livelli superiori (consigli d\u2019istituto-collegio dei docenti).<\/p>\t\t\t\t\t\t\t\t<\/div>\n\t\t\t\t<\/div>\n\t\t\t\t<\/div>\n\t\t<div class=\"has_eae_slider elementor-element elementor-element-5c532d0 e-con-full e-flex wpr-particle-no wpr-jarallax-no wpr-parallax-no wpr-sticky-section-no wpr-equal-height-no e-con e-child\" data-eae-slider=\"30613\" data-id=\"5c532d0\" data-element_type=\"container\" data-e-type=\"container\">\n\t\t\t\t<div class=\"elementor-element elementor-element-cd15255 elementor-widget elementor-widget-heading\" data-id=\"cd15255\" data-element_type=\"widget\" data-e-type=\"widget\" data-widget_type=\"heading.default\">\n\t\t\t\t<div class=\"elementor-widget-container\">\n\t\t\t\t\t<h2 class=\"elementor-heading-title elementor-size-default\">Organi Collegiali<\/h2>\t\t\t\t<\/div>\n\t\t\t\t<\/div>\n\t\t\t\t<div class=\"elementor-element elementor-element-0c75743 elementor-position-inline-start elementor-view-default elementor-mobile-position-block-start elementor-widget elementor-widget-icon-box\" data-id=\"0c75743\" data-element_type=\"widget\" data-e-type=\"widget\" data-widget_type=\"icon-box.default\">\n\t\t\t\t<div class=\"elementor-widget-container\">\n\t\t\t\t\t\t\t<div class=\"elementor-icon-box-wrapper\">\n\n\t\t\t\t\t\t<div class=\"elementor-icon-box-icon\">\n\t\t\t\t<a href=\"https:\/\/siteunidos.eu\/icpaglieta\/scuola\/organizzazione\/organi-collegiali\/\" class=\"elementor-icon\" tabindex=\"-1\" aria-label=\"Vai !!!\">\n\t\t\t\t<i aria-hidden=\"true\" class=\"icon icon-exit\"><\/i>\t\t\t\t<\/a>\n\t\t\t<\/div>\n\t\t\t\n\t\t\t\t\t\t<div class=\"elementor-icon-box-content\">\n\n\t\t\t\t\t\t\t\t\t<h3 class=\"elementor-icon-box-title\">\n\t\t\t\t\t\t<a href=\"https:\/\/siteunidos.eu\/icpaglieta\/scuola\/organizzazione\/organi-collegiali\/\" >\n\t\t\t\t\t\t\tVai !!!\t\t\t\t\t\t<\/a>\n\t\t\t\t\t<\/h3>\n\t\t\t\t\n\t\t\t\t\n\t\t\t<\/div>\n\t\t\t\n\t\t<\/div>\n\t\t\t\t\t\t<\/div>\n\t\t\t\t<\/div>\n\t\t\t\t<\/div>\n\t\t\t\t\t<\/div>\n\t\t\t\t<\/div>\n\t\t<div class=\"has_eae_slider elementor-element elementor-element-8fabc74 e-flex e-con-boxed wpr-particle-no wpr-jarallax-no wpr-parallax-no wpr-sticky-section-no wpr-equal-height-no e-con e-parent\" data-eae-slider=\"52341\" data-id=\"8fabc74\" data-element_type=\"container\" data-e-type=\"container\">\n\t\t\t\t\t<div class=\"e-con-inner\">\n\t\t<div class=\"has_eae_slider elementor-element elementor-element-f6124f2 e-con-full e-flex wpr-particle-no wpr-jarallax-no wpr-parallax-no wpr-sticky-section-no wpr-equal-height-no e-con e-child\" data-eae-slider=\"37919\" data-id=\"f6124f2\" data-element_type=\"container\" data-e-type=\"container\">\n\t\t\t\t<div class=\"elementor-element elementor-element-4e7df4c elementor-widget elementor-widget-heading\" data-id=\"4e7df4c\" data-element_type=\"widget\" data-e-type=\"widget\" data-widget_type=\"heading.default\">\n\t\t\t\t<div class=\"elementor-widget-container\">\n\t\t\t\t\t<h2 class=\"elementor-heading-title elementor-size-default\">Organigramma<\/h2>\t\t\t\t<\/div>\n\t\t\t\t<\/div>\n\t\t\t\t<div class=\"elementor-element elementor-element-3e70a30 elementor-position-inline-start elementor-view-default elementor-mobile-position-block-start elementor-widget elementor-widget-icon-box\" data-id=\"3e70a30\" data-element_type=\"widget\" data-e-type=\"widget\" data-widget_type=\"icon-box.default\">\n\t\t\t\t<div class=\"elementor-widget-container\">\n\t\t\t\t\t\t\t<div class=\"elementor-icon-box-wrapper\">\n\n\t\t\t\t\t\t<div class=\"elementor-icon-box-icon\">\n\t\t\t\t<a href=\"https:\/\/siteunidos.eu\/icpaglieta\/scuola\/organizzazione\/organigramma\/\" class=\"elementor-icon\" tabindex=\"-1\" aria-label=\"Vai !!!\">\n\t\t\t\t<i aria-hidden=\"true\" class=\"icon icon-exit\"><\/i>\t\t\t\t<\/a>\n\t\t\t<\/div>\n\t\t\t\n\t\t\t\t\t\t<div class=\"elementor-icon-box-content\">\n\n\t\t\t\t\t\t\t\t\t<h3 class=\"elementor-icon-box-title\">\n\t\t\t\t\t\t<a href=\"https:\/\/siteunidos.eu\/icpaglieta\/scuola\/organizzazione\/organigramma\/\" >\n\t\t\t\t\t\t\tVai !!!\t\t\t\t\t\t<\/a>\n\t\t\t\t\t<\/h3>\n\t\t\t\t\n\t\t\t\t\n\t\t\t<\/div>\n\t\t\t\n\t\t<\/div>\n\t\t\t\t\t\t<\/div>\n\t\t\t\t<\/div>\n\t\t\t\t<\/div>\n\t\t<div class=\"has_eae_slider elementor-element elementor-element-ba6c1bb e-con-full e-flex wpr-particle-no wpr-jarallax-no wpr-parallax-no wpr-sticky-section-no wpr-equal-height-no e-con e-child\" data-eae-slider=\"56606\" data-id=\"ba6c1bb\" data-element_type=\"container\" data-e-type=\"container\">\n\t\t\t\t<div class=\"elementor-element elementor-element-dcb5e1d elementor-widget elementor-widget-text-editor\" data-id=\"dcb5e1d\" data-element_type=\"widget\" data-e-type=\"widget\" data-widget_type=\"text-editor.default\">\n\t\t\t\t<div class=\"elementor-widget-container\">\n\t\t\t\t\t\t\t\t\t<p>L\u2019organigramma \u00e8 il principale strumento, a livello macro, di formalizzazione della reale gerarchia organizzativa di una azienda. Esso \u00e8 la rappresentazione grafica della struttura organizzativa finalizzato a rappresentare la dimensione verticale dell\u2019organizzazione identificando chiaramente le relazioni di sovra o subordinazione.<\/p>\t\t\t\t\t\t\t\t<\/div>\n\t\t\t\t<\/div>\n\t\t\t\t<\/div>\n\t\t\t\t\t<\/div>\n\t\t\t\t<\/div>\n\t\t<div class=\"has_eae_slider elementor-element elementor-element-aedbe4a e-flex e-con-boxed wpr-particle-no wpr-jarallax-no wpr-parallax-no wpr-sticky-section-no wpr-equal-height-no e-con e-parent\" data-eae-slider=\"84612\" data-id=\"aedbe4a\" data-element_type=\"container\" data-e-type=\"container\" data-settings=\"{&quot;background_background&quot;:&quot;classic&quot;}\">\n\t\t\t\t\t<div class=\"e-con-inner\">\n\t\t<div class=\"has_eae_slider elementor-element elementor-element-5790d0d e-con-full e-flex wpr-particle-no wpr-jarallax-no wpr-parallax-no wpr-sticky-section-no wpr-equal-height-no e-con e-child\" data-eae-slider=\"2771\" data-id=\"5790d0d\" data-element_type=\"container\" data-e-type=\"container\">\n\t\t\t\t<div class=\"elementor-element elementor-element-b948c28 elementor-widget elementor-widget-text-editor\" data-id=\"b948c28\" data-element_type=\"widget\" data-e-type=\"widget\" data-widget_type=\"text-editor.default\">\n\t\t\t\t<div class=\"elementor-widget-container\">\n\t\t\t\t\t\t\t\t\t<p>La sicurezza del nostro istituto.<\/p>\t\t\t\t\t\t\t\t<\/div>\n\t\t\t\t<\/div>\n\t\t\t\t<\/div>\n\t\t<div class=\"has_eae_slider elementor-element elementor-element-1315d7f e-con-full e-flex wpr-particle-no wpr-jarallax-no wpr-parallax-no wpr-sticky-section-no wpr-equal-height-no e-con e-child\" data-eae-slider=\"26137\" data-id=\"1315d7f\" data-element_type=\"container\" data-e-type=\"container\">\n\t\t\t\t<div class=\"elementor-element elementor-element-9628967 elementor-widget elementor-widget-heading\" data-id=\"9628967\" data-element_type=\"widget\" data-e-type=\"widget\" data-widget_type=\"heading.default\">\n\t\t\t\t<div class=\"elementor-widget-container\">\n\t\t\t\t\t<h2 class=\"elementor-heading-title elementor-size-default\">Sicurezza e prevenzione<\/h2>\t\t\t\t<\/div>\n\t\t\t\t<\/div>\n\t\t\t\t<div class=\"elementor-element elementor-element-166cfb2 elementor-position-inline-start elementor-view-default elementor-mobile-position-block-start elementor-widget elementor-widget-icon-box\" data-id=\"166cfb2\" data-element_type=\"widget\" data-e-type=\"widget\" data-widget_type=\"icon-box.default\">\n\t\t\t\t<div class=\"elementor-widget-container\">\n\t\t\t\t\t\t\t<div class=\"elementor-icon-box-wrapper\">\n\n\t\t\t\t\t\t<div class=\"elementor-icon-box-icon\">\n\t\t\t\t<a href=\"https:\/\/siteunidos.eu\/icpaglieta\/scuola\/organizzazione\/sicurezza-e-prevenzione\/\" class=\"elementor-icon\" tabindex=\"-1\" aria-label=\"Vai !!!\">\n\t\t\t\t<i aria-hidden=\"true\" class=\"icon icon-exit\"><\/i>\t\t\t\t<\/a>\n\t\t\t<\/div>\n\t\t\t\n\t\t\t\t\t\t<div class=\"elementor-icon-box-content\">\n\n\t\t\t\t\t\t\t\t\t<h3 class=\"elementor-icon-box-title\">\n\t\t\t\t\t\t<a href=\"https:\/\/siteunidos.eu\/icpaglieta\/scuola\/organizzazione\/sicurezza-e-prevenzione\/\" >\n\t\t\t\t\t\t\tVai !!!\t\t\t\t\t\t<\/a>\n\t\t\t\t\t<\/h3>\n\t\t\t\t\n\t\t\t\t\n\t\t\t<\/div>\n\t\t\t\n\t\t<\/div>\n\t\t\t\t\t\t<\/div>\n\t\t\t\t<\/div>\n\t\t\t\t<\/div>\n\t\t\t\t\t<\/div>\n\t\t\t\t<\/div>\n\t\t\t\t<\/div>\n\t\t","protected":false},"excerpt":{"rendered":"<p>Gli organismi a carattere collegiale sono previsti a vari livelli nella scuola.La funzione degli organi collegiali \u00e8 diversa a seconda dei livelli di collocazione: \u00e8 consultiva e propositiva a livello di base (Consigli di classe-interclasse e intersezione), \u00e8 deliberativa ai livelli superiori (consigli d\u2019istituto-collegio dei docenti). Organi Collegiali Vai !!! Organigramma Vai !!! L\u2019organigramma \u00e8 il principale strumento, a livello macro, di formalizzazione della reale gerarchia organizzativa di una azienda. Esso \u00e8 la rappresentazione grafica della struttura organizzativa finalizzato a rappresentare la dimensione verticale dell\u2019organizzazione identificando chiaramente le relazioni di sovra o subordinazione. La sicurezza del nostro istituto. Sicurezza e prevenzione Vai !!!<\/p>\n","protected":false},"author":1,"featured_media":0,"parent":104,"menu_order":0,"comment_status":"closed","ping_status":"closed","template":"","meta":{"footnotes":""},"class_list":["post-125","page","type-page","status-publish","hentry"],"yoast_head":"<!-- This site is optimized with the Yoast SEO plugin v27.5 - https:\/\/yoast.com\/product\/yoast-seo-wordpress\/ -->\n<title>Organizzazione - Istituto Comprensivo Paglieta<\/title>\n<meta name=\"robots\" content=\"index, follow, max-snippet:-1, max-image-preview:large, max-video-preview:-1\" \/>\n<link rel=\"canonical\" href=\"https:\/\/www.icpaglieta.edu.it\/site\/scuola\/organizzazione\/\" \/>\n<meta property=\"og:locale\" content=\"it_IT\" \/>\n<meta property=\"og:type\" content=\"article\" \/>\n<meta property=\"og:title\" content=\"Organizzazione - Istituto Comprensivo Paglieta\" \/>\n<meta property=\"og:description\" content=\"Gli organismi a carattere collegiale sono previsti a vari livelli nella scuola.La funzione degli organi collegiali \u00e8 diversa a seconda dei livelli di collocazione: \u00e8 consultiva e propositiva a livello di base (Consigli di classe-interclasse e intersezione), \u00e8 deliberativa ai livelli superiori (consigli d\u2019istituto-collegio dei docenti). Organi Collegiali Vai !!! Organigramma Vai !!! L\u2019organigramma \u00e8 il principale strumento, a livello macro, di formalizzazione della reale gerarchia organizzativa di una azienda. Esso \u00e8 la rappresentazione grafica della struttura organizzativa finalizzato a rappresentare la dimensione verticale dell\u2019organizzazione identificando chiaramente le relazioni di sovra o subordinazione. La sicurezza del nostro istituto. Sicurezza e prevenzione Vai !!!\" \/>\n<meta property=\"og:url\" content=\"https:\/\/www.icpaglieta.edu.it\/site\/scuola\/organizzazione\/\" \/>\n<meta property=\"og:site_name\" content=\"Istituto Comprensivo Paglieta\" \/>\n<meta property=\"article:modified_time\" content=\"2023-12-18T11:00:18+00:00\" \/>\n<meta name=\"twitter:card\" content=\"summary_large_image\" \/>\n<meta name=\"twitter:label1\" content=\"Tempo di lettura stimato\" \/>\n\t<meta name=\"twitter:data1\" content=\"1 minuto\" \/>\n<script type=\"application\/ld+json\" class=\"yoast-schema-graph\">{\"@context\":\"https:\\\/\\\/schema.org\",\"@graph\":[{\"@type\":\"WebPage\",\"@id\":\"https:\\\/\\\/www.icpaglieta.edu.it\\\/site\\\/scuola\\\/organizzazione\\\/\",\"url\":\"https:\\\/\\\/www.icpaglieta.edu.it\\\/site\\\/scuola\\\/organizzazione\\\/\",\"name\":\"Organizzazione - Istituto Comprensivo Paglieta\",\"isPartOf\":{\"@id\":\"https:\\\/\\\/www.icpaglieta.edu.it\\\/site\\\/#website\"},\"datePublished\":\"2023-12-15T10:30:31+00:00\",\"dateModified\":\"2023-12-18T11:00:18+00:00\",\"breadcrumb\":{\"@id\":\"https:\\\/\\\/www.icpaglieta.edu.it\\\/site\\\/scuola\\\/organizzazione\\\/#breadcrumb\"},\"inLanguage\":\"it-IT\",\"potentialAction\":[{\"@type\":\"ReadAction\",\"target\":[\"https:\\\/\\\/www.icpaglieta.edu.it\\\/site\\\/scuola\\\/organizzazione\\\/\"]}]},{\"@type\":\"BreadcrumbList\",\"@id\":\"https:\\\/\\\/www.icpaglieta.edu.it\\\/site\\\/scuola\\\/organizzazione\\\/#breadcrumb\",\"itemListElement\":[{\"@type\":\"ListItem\",\"position\":1,\"name\":\"Home\",\"item\":\"https:\\\/\\\/www.icpaglieta.edu.it\\\/site\\\/\"},{\"@type\":\"ListItem\",\"position\":2,\"name\":\"Scuola\",\"item\":\"https:\\\/\\\/www.icpaglieta.edu.it\\\/site\\\/scuola\\\/\"},{\"@type\":\"ListItem\",\"position\":3,\"name\":\"Organizzazione\"}]},{\"@type\":\"WebSite\",\"@id\":\"https:\\\/\\\/www.icpaglieta.edu.it\\\/site\\\/#website\",\"url\":\"https:\\\/\\\/www.icpaglieta.edu.it\\\/site\\\/\",\"name\":\"Istituto Comprensivo Paglieta\",\"description\":\"Istituto Comprensivo Paglieta\",\"potentialAction\":[{\"@type\":\"SearchAction\",\"target\":{\"@type\":\"EntryPoint\",\"urlTemplate\":\"https:\\\/\\\/www.icpaglieta.edu.it\\\/site\\\/?s={search_term_string}\"},\"query-input\":{\"@type\":\"PropertyValueSpecification\",\"valueRequired\":true,\"valueName\":\"search_term_string\"}}],\"inLanguage\":\"it-IT\"}]}<\/script>\n<!-- \/ Yoast SEO plugin. -->","yoast_head_json":{"title":"Organizzazione - Istituto Comprensivo Paglieta","robots":{"index":"index","follow":"follow","max-snippet":"max-snippet:-1","max-image-preview":"max-image-preview:large","max-video-preview":"max-video-preview:-1"},"canonical":"https:\/\/www.icpaglieta.edu.it\/site\/scuola\/organizzazione\/","og_locale":"it_IT","og_type":"article","og_title":"Organizzazione - Istituto Comprensivo Paglieta","og_description":"Gli organismi a carattere collegiale sono previsti a vari livelli nella scuola.La funzione degli organi collegiali \u00e8 diversa a seconda dei livelli di collocazione: \u00e8 consultiva e propositiva a livello di base (Consigli di classe-interclasse e intersezione), \u00e8 deliberativa ai livelli superiori (consigli d\u2019istituto-collegio dei docenti). Organi Collegiali Vai !!! Organigramma Vai !!! L\u2019organigramma \u00e8 il principale strumento, a livello macro, di formalizzazione della reale gerarchia organizzativa di una azienda. Esso \u00e8 la rappresentazione grafica della struttura organizzativa finalizzato a rappresentare la dimensione verticale dell\u2019organizzazione identificando chiaramente le relazioni di sovra o subordinazione. La sicurezza del nostro istituto. Sicurezza e prevenzione Vai !!!","og_url":"https:\/\/www.icpaglieta.edu.it\/site\/scuola\/organizzazione\/","og_site_name":"Istituto Comprensivo Paglieta","article_modified_time":"2023-12-18T11:00:18+00:00","twitter_card":"summary_large_image","twitter_misc":{"Tempo di lettura stimato":"1 minuto"},"schema":{"@context":"https:\/\/schema.org","@graph":[{"@type":"WebPage","@id":"https:\/\/www.icpaglieta.edu.it\/site\/scuola\/organizzazione\/","url":"https:\/\/www.icpaglieta.edu.it\/site\/scuola\/organizzazione\/","name":"Organizzazione - Istituto Comprensivo Paglieta","isPartOf":{"@id":"https:\/\/www.icpaglieta.edu.it\/site\/#website"},"datePublished":"2023-12-15T10:30:31+00:00","dateModified":"2023-12-18T11:00:18+00:00","breadcrumb":{"@id":"https:\/\/www.icpaglieta.edu.it\/site\/scuola\/organizzazione\/#breadcrumb"},"inLanguage":"it-IT","potentialAction":[{"@type":"ReadAction","target":["https:\/\/www.icpaglieta.edu.it\/site\/scuola\/organizzazione\/"]}]},{"@type":"BreadcrumbList","@id":"https:\/\/www.icpaglieta.edu.it\/site\/scuola\/organizzazione\/#breadcrumb","itemListElement":[{"@type":"ListItem","position":1,"name":"Home","item":"https:\/\/www.icpaglieta.edu.it\/site\/"},{"@type":"ListItem","position":2,"name":"Scuola","item":"https:\/\/www.icpaglieta.edu.it\/site\/scuola\/"},{"@type":"ListItem","position":3,"name":"Organizzazione"}]},{"@type":"WebSite","@id":"https:\/\/www.icpaglieta.edu.it\/site\/#website","url":"https:\/\/www.icpaglieta.edu.it\/site\/","name":"Istituto Comprensivo Paglieta","description":"Istituto Comprensivo Paglieta","potentialAction":[{"@type":"SearchAction","target":{"@type":"EntryPoint","urlTemplate":"https:\/\/www.icpaglieta.edu.it\/site\/?s={search_term_string}"},"query-input":{"@type":"PropertyValueSpecification","valueRequired":true,"valueName":"search_term_string"}}],"inLanguage":"it-IT"}]}},"_links":{"self":[{"href":"https:\/\/www.icpaglieta.edu.it\/site\/wp-json\/wp\/v2\/pages\/125","targetHints":{"allow":["GET"]}}],"collection":[{"href":"https:\/\/www.icpaglieta.edu.it\/site\/wp-json\/wp\/v2\/pages"}],"about":[{"href":"https:\/\/www.icpaglieta.edu.it\/site\/wp-json\/wp\/v2\/types\/page"}],"author":[{"embeddable":true,"href":"https:\/\/www.icpaglieta.edu.it\/site\/wp-json\/wp\/v2\/users\/1"}],"replies":[{"embeddable":true,"href":"https:\/\/www.icpaglieta.edu.it\/site\/wp-json\/wp\/v2\/comments?post=125"}],"version-history":[{"count":0,"href":"https:\/\/www.icpaglieta.edu.it\/site\/wp-json\/wp\/v2\/pages\/125\/revisions"}],"up":[{"embeddable":true,"href":"https:\/\/www.icpaglieta.edu.it\/site\/wp-json\/wp\/v2\/pages\/104"}],"wp:attachment":[{"href":"https:\/\/www.icpaglieta.edu.it\/site\/wp-json\/wp\/v2\/media?parent=125"}],"curies":[{"name":"wp","href":"https:\/\/api.w.org\/{rel}","templated":true}]}}